{"id":829,"date":"2023-02-09T11:02:41","date_gmt":"2023-02-09T10:02:41","guid":{"rendered":"http:\/\/strongeurope.com\/home-2\/"},"modified":"2023-02-27T12:54:18","modified_gmt":"2023-02-27T11:54:18","slug":"professional-printing","status":"publish","type":"page","link":"https:\/\/strongeurope.com\/it\/","title":{"rendered":"Industrial solutions for professional printing"},"content":{"rendered":"\t\t<div data-elementor-type=\"wp-page\" data-elementor-id=\"829\" class=\"elementor elementor-829 elementor-775\">\n\t\t\t\t\t\t\t\t\t<section class=\"elementor-section elementor-top-section elementor-element elementor-element-c2e8fdf elementor-section-full_width elementor-section-height-min-height elementor-section-items-stretch elementor-section-content-bottom mainHome elementor-section-height-default\" data-id=\"c2e8fdf\" data-element_type=\"section\" data-settings=\"{&quot;background_background&quot;:&quot;classic&quot;}\">\n\t\t\t\t\t\t<div class=\"elementor-container elementor-column-gap-no\">\n\t\t\t\t\t<div class=\"elementor-column elementor-col-100 elementor-top-column elementor-element elementor-element-f0807a4\" data-id=\"f0807a4\" data-element_type=\"column\">\n\t\t\t<div class=\"elementor-widget-wrap elementor-element-populated\">\n\t\t\t\t\t\t\t\t<section class=\"elementor-section elementor-inner-section elementor-element elementor-element-b000d5f elementor-section-content-middle elementor-section-boxed elementor-section-height-default elementor-section-height-default\" data-id=\"b000d5f\" data-element_type=\"section\" data-settings=\"{&quot;background_background&quot;:&quot;classic&quot;}\">\n\t\t\t\t\t\t<div class=\"elementor-container elementor-column-gap-default\">\n\t\t\t\t\t<div class=\"elementor-column elementor-col-50 elementor-inner-column elementor-element elementor-element-082ba67\" data-id=\"082ba67\" data-element_type=\"column\">\n\t\t\t<div class=\"elementor-widget-wrap elementor-element-populated\">\n\t\t\t\t\t\t\t\t<div class=\"elementor-element elementor-element-e116db8 elementor-widget__width-auto elementor-widget elementor-widget-heading\" data-id=\"e116db8\" data-element_type=\"widget\" data-widget_type=\"heading.default\">\n\t\t\t\t<div class=\"elementor-widget-container\">\n\t\t\t<style>\/*! elementor - v3.17.0 - 25-10-2023 *\/\n.elementor-heading-title{padding:0;margin:0;line-height:1}.elementor-widget-heading .elementor-heading-title[class*=elementor-size-]>a{color:inherit;font-size:inherit;line-height:inherit}.elementor-widget-heading .elementor-heading-title.elementor-size-small{font-size:15px}.elementor-widget-heading .elementor-heading-title.elementor-size-medium{font-size:19px}.elementor-widget-heading .elementor-heading-title.elementor-size-large{font-size:29px}.elementor-widget-heading .elementor-heading-title.elementor-size-xl{font-size:39px}.elementor-widget-heading .elementor-heading-title.elementor-size-xxl{font-size:59px}<\/style><h2 class=\"elementor-heading-title elementor-size-default\">Make your business <b>stronger!<\/b><\/h2>\t\t<\/div>\n\t\t\t\t<\/div>\n\t\t\t\t<div class=\"elementor-element elementor-element-23f2b23 elementor-widget__width-auto elementor-widget elementor-widget-heading\" data-id=\"23f2b23\" data-element_type=\"widget\" data-widget_type=\"heading.default\">\n\t\t\t\t<div class=\"elementor-widget-container\">\n\t\t\t<h4 class=\"elementor-heading-title elementor-size-default\"><span style=\"color: var( --e-global-color-accent ); white-space: normal;\">Forniamo soluzioni industriali innovative ed economiche per la<\/span><span style=\"color: var( --e-global-color-accent ); white-space: normal;\">&nbsp;<\/span><span style=\"color: var( --e-global-color-accent ); white-space: normal; font-weight: 700;\">stampa professionale<\/span><\/h4>\t\t<\/div>\n\t\t\t\t<\/div>\n\t\t\t\t\t<\/div>\n\t\t<\/div>\n\t\t\t\t<div class=\"elementor-column elementor-col-50 elementor-inner-column elementor-element elementor-element-9e4aa0a\" data-id=\"9e4aa0a\" data-element_type=\"column\">\n\t\t\t<div class=\"elementor-widget-wrap\">\n\t\t\t\t\t\t\t\t\t<\/div>\n\t\t<\/div>\n\t\t\t\t\t\t\t<\/div>\n\t\t<\/section>\n\t\t\t\t<section class=\"elementor-section elementor-inner-section elementor-element elementor-element-69acd66 elementor-section-boxed elementor-section-height-default elementor-section-height-default\" data-id=\"69acd66\" data-element_type=\"section\">\n\t\t\t\t\t\t<div class=\"elementor-container elementor-column-gap-default\">\n\t\t\t\t\t<div class=\"elementor-column elementor-col-50 elementor-inner-column elementor-element elementor-element-1670fc1\" data-id=\"1670fc1\" data-element_type=\"column\" data-settings=\"{&quot;background_background&quot;:&quot;classic&quot;}\">\n\t\t\t<div class=\"elementor-widget-wrap elementor-element-populated\">\n\t\t\t\t\t\t\t\t<div class=\"elementor-element elementor-element-d14a5d2 elementor-widget elementor-widget-text-editor\" data-id=\"d14a5d2\" data-element_type=\"widget\" data-widget_type=\"text-editor.default\">\n\t\t\t\t<div class=\"elementor-widget-container\">\n\t\t\t<style>\/*! elementor - v3.17.0 - 25-10-2023 *\/\n.elementor-widget-text-editor.elementor-drop-cap-view-stacked .elementor-drop-cap{background-color:#69727d;color:#fff}.elementor-widget-text-editor.elementor-drop-cap-view-framed .elementor-drop-cap{color:#69727d;border:3px solid;background-color:transparent}.elementor-widget-text-editor:not(.elementor-drop-cap-view-default) .elementor-drop-cap{margin-top:8px}.elementor-widget-text-editor:not(.elementor-drop-cap-view-default) .elementor-drop-cap-letter{width:1em;height:1em}.elementor-widget-text-editor .elementor-drop-cap{float:left;text-align:center;line-height:1;font-size:50px}.elementor-widget-text-editor .elementor-drop-cap-letter{display:inline-block}<\/style>\t\t\t\t<h4><strong>Strong Europe \u00e8 il risultato della collaborazione di due grandi aziende:<\/strong><\/h4>\nShanghai Strong Estate Printing Equipment e ABEZETA. L\u2019idea principale dai cui si \u00e8 generata questa nuova societ\u00e0 si basa su un principio tanto semplice quanto efficace: INSIEME\u2026PIU\u2019 FORTI!!! Strong \u00e8 stata creata nel 2004 come Shanghai Strong Estate Printing Equipment e al giorno d\u2019oggi \u00e8 la societ\u00e0 caratterizzata dalla pi\u00f9 rapida crescita, per volumi, tecnologia e professionalit\u00e0 tra le aziende cinesi produttrici di lastre digitali da stampa.\t\t\t\t\t\t<\/div>\n\t\t\t\t<\/div>\n\t\t\t\t\t<\/div>\n\t\t<\/div>\n\t\t\t\t<div class=\"elementor-column elementor-col-50 elementor-inner-column elementor-element elementor-element-0c10609\" data-id=\"0c10609\" data-element_type=\"column\">\n\t\t\t<div class=\"elementor-widget-wrap\">\n\t\t\t\t\t\t\t\t\t<\/div>\n\t\t<\/div>\n\t\t\t\t\t\t\t<\/div>\n\t\t<\/section>\n\t\t\t\t\t<\/div>\n\t\t<\/div>\n\t\t\t\t\t\t\t<\/div>\n\t\t<\/section>\n\t\t\t\t\t\t\t<\/div>\n\t\t","protected":false},"excerpt":{"rendered":"<p>Make your business stronger! Forniamo soluzioni industriali innovative ed economiche per la&nbsp;stampa professionale Strong Europe \u00e8 il risultato della collaborazione di due grandi aziende: Shanghai Strong Estate Printing Equipment e ABEZETA. L\u2019idea principale dai cui si \u00e8 generata questa nuova societ\u00e0 si basa su un principio tanto semplice quanto efficace: INSIEME\u2026PIU\u2019 FORTI!!! Strong \u00e8 stata &hellip; <a href=\"https:\/\/strongeurope.com\/it\/\">Continued<\/a><\/p>\n","protected":false},"author":1,"featured_media":0,"parent":0,"menu_order":0,"comment_status":"closed","ping_status":"closed","template":"front-page.php","meta":[],"yoast_head":"<!-- This site is optimized with the Yoast SEO plugin v20.1 - https:\/\/yoast.com\/wordpress\/plugins\/seo\/ -->\n<title>Industrial solutions for professional printing - Strong Europe<\/title>\n<meta name=\"description\" content=\"Make your business stronger! We provide innovative and cost-effective industrial solutions for professional printing\" \/>\n<meta name=\"robots\" content=\"index, follow, max-snippet:-1, max-image-preview:large, max-video-preview:-1\" \/>\n<link rel=\"canonical\" href=\"https:\/\/strongeurope.com\/it\/\" \/>\n<meta property=\"og:locale\" content=\"it_IT\" \/>\n<meta property=\"og:type\" content=\"article\" \/>\n<meta property=\"og:title\" content=\"Industrial solutions for professional printing - Strong Europe\" \/>\n<meta property=\"og:description\" content=\"Make your business stronger! We provide innovative and cost-effective industrial solutions for professional printing\" \/>\n<meta property=\"og:url\" content=\"https:\/\/strongeurope.com\/it\/\" \/>\n<meta property=\"og:site_name\" content=\"Strong Europe\" \/>\n<meta property=\"article:modified_time\" content=\"2023-02-27T11:54:18+00:00\" \/>\n<meta name=\"twitter:card\" content=\"summary_large_image\" \/>\n<meta name=\"twitter:label1\" content=\"Tempo di lettura stimato\" \/>\n\t<meta name=\"twitter:data1\" content=\"1 minuto\" \/>\n<script type=\"application\/ld+json\" class=\"yoast-schema-graph\">{\"@context\":\"https:\/\/schema.org\",\"@graph\":[{\"@type\":\"WebPage\",\"@id\":\"https:\/\/strongeurope.com\/it\/\",\"url\":\"https:\/\/strongeurope.com\/it\/\",\"name\":\"Industrial solutions for professional printing - Strong Europe\",\"isPartOf\":{\"@id\":\"https:\/\/strongeurope.com\/#website\"},\"datePublished\":\"2023-02-09T10:02:41+00:00\",\"dateModified\":\"2023-02-27T11:54:18+00:00\",\"description\":\"Make your business stronger! We provide innovative and cost-effective industrial solutions for professional printing\",\"breadcrumb\":{\"@id\":\"https:\/\/strongeurope.com\/it\/#breadcrumb\"},\"inLanguage\":\"it-IT\",\"potentialAction\":[{\"@type\":\"ReadAction\",\"target\":[\"https:\/\/strongeurope.com\/it\/\"]}]},{\"@type\":\"BreadcrumbList\",\"@id\":\"https:\/\/strongeurope.com\/it\/#breadcrumb\",\"itemListElement\":[{\"@type\":\"ListItem\",\"position\":1,\"name\":\"Home\",\"item\":\"https:\/\/strongeurope.com\/it\/\"},{\"@type\":\"ListItem\",\"position\":2,\"name\":\"Industrial solutions for professional printing\"}]},{\"@type\":\"WebSite\",\"@id\":\"https:\/\/strongeurope.com\/#website\",\"url\":\"https:\/\/strongeurope.com\/\",\"name\":\"Strong Europe\",\"description\":\"Make your business stronger!\",\"publisher\":{\"@id\":\"https:\/\/strongeurope.com\/#organization\"},\"potentialAction\":[{\"@type\":\"SearchAction\",\"target\":{\"@type\":\"EntryPoint\",\"urlTemplate\":\"https:\/\/strongeurope.com\/?s={search_term_string}\"},\"query-input\":\"required name=search_term_string\"}],\"inLanguage\":\"it-IT\"},{\"@type\":\"Organization\",\"@id\":\"https:\/\/strongeurope.com\/#organization\",\"name\":\"Strong Europe\",\"url\":\"https:\/\/strongeurope.com\/\",\"logo\":{\"@type\":\"ImageObject\",\"inLanguage\":\"it-IT\",\"@id\":\"https:\/\/strongeurope.com\/#\/schema\/logo\/image\/\",\"url\":\"http:\/\/strongeurope.com\/wp-content\/uploads\/2023\/02\/bg-homepage.jpg\",\"contentUrl\":\"http:\/\/strongeurope.com\/wp-content\/uploads\/2023\/02\/bg-homepage.jpg\",\"width\":2280,\"height\":1724,\"caption\":\"Strong Europe\"},\"image\":{\"@id\":\"https:\/\/strongeurope.com\/#\/schema\/logo\/image\/\"}}]}<\/script>\n<!-- \/ Yoast SEO plugin. -->","yoast_head_json":{"title":"Industrial solutions for professional printing - Strong Europe","description":"Make your business stronger! We provide innovative and cost-effective industrial solutions for professional printing","robots":{"index":"index","follow":"follow","max-snippet":"max-snippet:-1","max-image-preview":"max-image-preview:large","max-video-preview":"max-video-preview:-1"},"canonical":"https:\/\/strongeurope.com\/it\/","og_locale":"it_IT","og_type":"article","og_title":"Industrial solutions for professional printing - Strong Europe","og_description":"Make your business stronger! We provide innovative and cost-effective industrial solutions for professional printing","og_url":"https:\/\/strongeurope.com\/it\/","og_site_name":"Strong Europe","article_modified_time":"2023-02-27T11:54:18+00:00","twitter_card":"summary_large_image","twitter_misc":{"Tempo di lettura stimato":"1 minuto"},"schema":{"@context":"https:\/\/schema.org","@graph":[{"@type":"WebPage","@id":"https:\/\/strongeurope.com\/it\/","url":"https:\/\/strongeurope.com\/it\/","name":"Industrial solutions for professional printing - Strong Europe","isPartOf":{"@id":"https:\/\/strongeurope.com\/#website"},"datePublished":"2023-02-09T10:02:41+00:00","dateModified":"2023-02-27T11:54:18+00:00","description":"Make your business stronger! We provide innovative and cost-effective industrial solutions for professional printing","breadcrumb":{"@id":"https:\/\/strongeurope.com\/it\/#breadcrumb"},"inLanguage":"it-IT","potentialAction":[{"@type":"ReadAction","target":["https:\/\/strongeurope.com\/it\/"]}]},{"@type":"BreadcrumbList","@id":"https:\/\/strongeurope.com\/it\/#breadcrumb","itemListElement":[{"@type":"ListItem","position":1,"name":"Home","item":"https:\/\/strongeurope.com\/it\/"},{"@type":"ListItem","position":2,"name":"Industrial solutions for professional printing"}]},{"@type":"WebSite","@id":"https:\/\/strongeurope.com\/#website","url":"https:\/\/strongeurope.com\/","name":"Strong Europe","description":"Make your business stronger!","publisher":{"@id":"https:\/\/strongeurope.com\/#organization"},"potentialAction":[{"@type":"SearchAction","target":{"@type":"EntryPoint","urlTemplate":"https:\/\/strongeurope.com\/?s={search_term_string}"},"query-input":"required name=search_term_string"}],"inLanguage":"it-IT"},{"@type":"Organization","@id":"https:\/\/strongeurope.com\/#organization","name":"Strong Europe","url":"https:\/\/strongeurope.com\/","logo":{"@type":"ImageObject","inLanguage":"it-IT","@id":"https:\/\/strongeurope.com\/#\/schema\/logo\/image\/","url":"http:\/\/strongeurope.com\/wp-content\/uploads\/2023\/02\/bg-homepage.jpg","contentUrl":"http:\/\/strongeurope.com\/wp-content\/uploads\/2023\/02\/bg-homepage.jpg","width":2280,"height":1724,"caption":"Strong Europe"},"image":{"@id":"https:\/\/strongeurope.com\/#\/schema\/logo\/image\/"}}]}},"_links":{"self":[{"href":"https:\/\/strongeurope.com\/it\/wp-json\/wp\/v2\/pages\/829"}],"collection":[{"href":"https:\/\/strongeurope.com\/it\/wp-json\/wp\/v2\/pages"}],"about":[{"href":"https:\/\/strongeurope.com\/it\/wp-json\/wp\/v2\/types\/page"}],"author":[{"embeddable":true,"href":"https:\/\/strongeurope.com\/it\/wp-json\/wp\/v2\/users\/1"}],"replies":[{"embeddable":true,"href":"https:\/\/strongeurope.com\/it\/wp-json\/wp\/v2\/comments?post=829"}],"version-history":[{"count":5,"href":"https:\/\/strongeurope.com\/it\/wp-json\/wp\/v2\/pages\/829\/revisions"}],"predecessor-version":[{"id":1190,"href":"https:\/\/strongeurope.com\/it\/wp-json\/wp\/v2\/pages\/829\/revisions\/1190"}],"wp:attachment":[{"href":"https:\/\/strongeurope.com\/it\/wp-json\/wp\/v2\/media?parent=829"}],"curies":[{"name":"wp","href":"https:\/\/api.w.org\/{rel}","templated":true}]}}