{"id":40,"date":"2016-05-17T12:02:36","date_gmt":"2016-05-17T10:02:36","guid":{"rendered":"http:\/\/strongeurope.com\/it\/about-us\/"},"modified":"2023-11-17T15:36:47","modified_gmt":"2023-11-17T14:36:47","slug":"chi-siamo","status":"publish","type":"page","link":"https:\/\/strongeurope.com\/it\/chi-siamo\/","title":{"rendered":"Chi siamo"},"content":{"rendered":"<p>La filosofia aziendale di Strong Europe si basa su tre concetti fondamentali:<\/p>\n<p>1- Mantenere il livello pi\u00f9 alto di qualit\u00e0 su tutti i nostri prodotti. Ne deriva che il marchio Strong \u00e8 oggi sinonimo di qualit\u00e0 ed affidabilit\u00e0.<\/p>\n<p>2- Offrire il miglior servizio, il supporto e la cooperazione, assicurando soluzioni nei tempi pi\u00f9 brevi possibili.<\/p>\n<p>3- Andare oltre al semplice rapporto cliente-fornitore, attraverso lo sviluppo comune di strategie con i nostri clienti fornendo loro un servizio completo: produzioni speciali, corsi di formazione tecnica e commerciale, sviluppo di nuovi progetti personalizzati, etc.<\/p>\n<p>Strong Europe \u00e8 il risultato della collaborazione tra due grandi aziende: Shanghai Strong Estate Printing Equipment e ABEZETA. L\u2019idea principale dai cui si \u00e8 generata questa nuova societ\u00e0 si basa su un principio tanto semplice quanto efficace: INSIEME\u2026PIU\u2019 FORTI!!!<\/p>\n<p><strong>Strong<\/strong>\u00a0\u00e8 stata creata nel 2004 come Shanghai Strong Estate Printing Equipment e al giorno d\u2019oggi \u00e8 la societ\u00e0 caratterizzata dalla pi\u00f9 rapida crescita, per volumi, tecnologia e professionalit\u00e0 tra le aziende cinesi produttrici di lastre digitali da stampa. In realt\u00e0 \u00e8 il vero e proprio leader delle vendite di lastre CTP (Thermal) e CTcP nel mercato interno, e nel 2015 Strong \u00e8 stata il primo produttore cinese in Europa per quanto riguarda sia le vendite di lastre CTcP che lastre CTP. Questo risultato non \u00e8 mai il frutto del caso ma \u00e8 determinato da una giusta combinazione tra due importanti fattori: qualit\u00e0 del prodotto e del servizio. Strong ha avuto la capacit\u00e0 di raggiungere e superare gli elevati requisiti necessari per adeguare il prodotto agli alti standard richiesti dagli stampatori europei. Strong, nel giro di poco pi\u00f9 di 10 anni, \u00e8 diventata il quinto produttore di lastre al mondo, con 7 linee completamente automatiche e una produzione annuale di oltre 100.000.000 di metri quadri.<\/p>\n<p><strong>Abezeta<\/strong>, dopo pi\u00f9 di 40 anni di esperienza nel mercato internazionale, \u00e8 diventato un punto di riferimento a livello mondiale nella produzione, fornitura e commercializzazione di prodotti per l\u2019industria delle arti grafiche. Il costante sviluppo tecnologico e di prodotto, l\u2019alta efficienza del team che vi lavora e il profilo altamente qualificato, cos\u00ec come i pi\u00f9 moderni sistemi di ottimizzazione della produzione, l\u2019efficienza e rigidi controlli di qualit\u00e0, hanno permesso ad Abezeta di essere presente in pi\u00f9 di 80 paesi.<\/p>\n<p>Le due societ\u00e0, sia separatamente che insieme da adesso, hanno sempre avuto un unico obiettivo: la QUALIT\u00c0. Abbiamo concentrato le nostre risorse e investito molto tempo per raggiungere livelli di assoluta eccellenza e stabilit\u00e0 qualitativa su tutti i nostri prodotti. Dopo anni di duro lavoro, il nostro marchio \u00e8 diventato sinonimo di qualit\u00e0 costante e ripetibile. L\u2019obiettivo di Strong Europe \u00e8 quello di creare una grande squadra capace di esprimere il miglior livello di servizio per la completa soddisfazione dei propri clienti. Per ottenere ci\u00f2 negli ultimi anni abbiamo investito molto nel settore della logistica, della ricerca e sviluppo e sul supporto tecnico.<\/p>\n<p>La missione di Strong Europe \u00e8 diventare uno dei leader nel mercato europeo delle lastre digitali attraverso la completa soddisfazione dei propri clienti. Su questo obiettivo si concentra tutto lo sforzo aziendale con la soddisfazione di dimostrare al cliente, giorno dopo giorno, che utilizzare i prodotti di prestampa Strong \u00e8 assolutamente la scelta giusta.<\/p>\n<p>STRONG EUROPE: Together\u2026<strong>Stronger<\/strong>!!!<\/p>\n<hr \/>\n<p>Strong Europe si trova nel processo di certificazione UNE-EN-ISO 9001: 2015, vedi la nostra <a href=\"http:\/\/strongeurope.com\/wp-content\/uploads\/2023\/11\/01_STRONG_EU_Politica-della-Qualita.pdf\" target=\"_blank\" rel=\"noopener\">Politica di Qualit\u00e0<\/a>.<\/p>\n","protected":false},"excerpt":{"rendered":"<p>La filosofia aziendale di Strong Europe si basa su tre concetti fondamentali: 1- Mantenere il livello pi\u00f9 alto di qualit\u00e0 su tutti i nostri prodotti. Ne deriva che il marchio Strong \u00e8 oggi sinonimo di qualit\u00e0 ed affidabilit\u00e0. 2- Offrire il miglior servizio, il supporto e la cooperazione, assicurando soluzioni nei tempi pi\u00f9 brevi possibili. &hellip; <a href=\"https:\/\/strongeurope.com\/it\/chi-siamo\/\">Continued<\/a><\/p>\n","protected":false},"author":1,"featured_media":0,"parent":0,"menu_order":0,"comment_status":"closed","ping_status":"closed","template":"page-about-us.php","meta":[],"yoast_head":"<!-- This site is optimized with the Yoast SEO plugin v20.1 - https:\/\/yoast.com\/wordpress\/plugins\/seo\/ -->\n<title>Chi siamo - Strong Europe<\/title>\n<meta name=\"robots\" content=\"index, follow, max-snippet:-1, max-image-preview:large, max-video-preview:-1\" \/>\n<link rel=\"canonical\" href=\"https:\/\/strongeurope.com\/it\/chi-siamo\/\" \/>\n<meta property=\"og:locale\" content=\"it_IT\" \/>\n<meta property=\"og:type\" content=\"article\" \/>\n<meta property=\"og:title\" content=\"Chi siamo - Strong Europe\" \/>\n<meta property=\"og:description\" content=\"La filosofia aziendale di Strong Europe si basa su tre concetti fondamentali: 1- Mantenere il livello pi\u00f9 alto di qualit\u00e0 su tutti i nostri prodotti. Ne deriva che il marchio Strong \u00e8 oggi sinonimo di qualit\u00e0 ed affidabilit\u00e0. 2- Offrire il miglior servizio, il supporto e la cooperazione, assicurando soluzioni nei tempi pi\u00f9 brevi possibili. &hellip; Continued\" \/>\n<meta property=\"og:url\" content=\"https:\/\/strongeurope.com\/it\/chi-siamo\/\" \/>\n<meta property=\"og:site_name\" content=\"Strong Europe\" \/>\n<meta property=\"article:modified_time\" content=\"2023-11-17T14:36:47+00:00\" \/>\n<meta name=\"twitter:card\" content=\"summary_large_image\" \/>\n<meta name=\"twitter:label1\" content=\"Tempo di lettura stimato\" \/>\n\t<meta name=\"twitter:data1\" content=\"3 minuti\" \/>\n<script type=\"application\/ld+json\" class=\"yoast-schema-graph\">{\"@context\":\"https:\/\/schema.org\",\"@graph\":[{\"@type\":\"WebPage\",\"@id\":\"https:\/\/strongeurope.com\/it\/chi-siamo\/\",\"url\":\"https:\/\/strongeurope.com\/it\/chi-siamo\/\",\"name\":\"Chi siamo - Strong Europe\",\"isPartOf\":{\"@id\":\"https:\/\/strongeurope.com\/#website\"},\"datePublished\":\"2016-05-17T10:02:36+00:00\",\"dateModified\":\"2023-11-17T14:36:47+00:00\",\"breadcrumb\":{\"@id\":\"https:\/\/strongeurope.com\/it\/chi-siamo\/#breadcrumb\"},\"inLanguage\":\"it-IT\",\"potentialAction\":[{\"@type\":\"ReadAction\",\"target\":[\"https:\/\/strongeurope.com\/it\/chi-siamo\/\"]}]},{\"@type\":\"BreadcrumbList\",\"@id\":\"https:\/\/strongeurope.com\/it\/chi-siamo\/#breadcrumb\",\"itemListElement\":[{\"@type\":\"ListItem\",\"position\":1,\"name\":\"Home\",\"item\":\"https:\/\/strongeurope.com\/it\/\"},{\"@type\":\"ListItem\",\"position\":2,\"name\":\"Chi siamo\"}]},{\"@type\":\"WebSite\",\"@id\":\"https:\/\/strongeurope.com\/#website\",\"url\":\"https:\/\/strongeurope.com\/\",\"name\":\"Strong Europe\",\"description\":\"Make your business stronger!\",\"publisher\":{\"@id\":\"https:\/\/strongeurope.com\/#organization\"},\"potentialAction\":[{\"@type\":\"SearchAction\",\"target\":{\"@type\":\"EntryPoint\",\"urlTemplate\":\"https:\/\/strongeurope.com\/?s={search_term_string}\"},\"query-input\":\"required name=search_term_string\"}],\"inLanguage\":\"it-IT\"},{\"@type\":\"Organization\",\"@id\":\"https:\/\/strongeurope.com\/#organization\",\"name\":\"Strong Europe\",\"url\":\"https:\/\/strongeurope.com\/\",\"logo\":{\"@type\":\"ImageObject\",\"inLanguage\":\"it-IT\",\"@id\":\"https:\/\/strongeurope.com\/#\/schema\/logo\/image\/\",\"url\":\"http:\/\/strongeurope.com\/wp-content\/uploads\/2023\/02\/bg-homepage.jpg\",\"contentUrl\":\"http:\/\/strongeurope.com\/wp-content\/uploads\/2023\/02\/bg-homepage.jpg\",\"width\":2280,\"height\":1724,\"caption\":\"Strong Europe\"},\"image\":{\"@id\":\"https:\/\/strongeurope.com\/#\/schema\/logo\/image\/\"}}]}<\/script>\n<!-- \/ Yoast SEO plugin. -->","yoast_head_json":{"title":"Chi siamo - Strong Europe","robots":{"index":"index","follow":"follow","max-snippet":"max-snippet:-1","max-image-preview":"max-image-preview:large","max-video-preview":"max-video-preview:-1"},"canonical":"https:\/\/strongeurope.com\/it\/chi-siamo\/","og_locale":"it_IT","og_type":"article","og_title":"Chi siamo - Strong Europe","og_description":"La filosofia aziendale di Strong Europe si basa su tre concetti fondamentali: 1- Mantenere il livello pi\u00f9 alto di qualit\u00e0 su tutti i nostri prodotti. Ne deriva che il marchio Strong \u00e8 oggi sinonimo di qualit\u00e0 ed affidabilit\u00e0. 2- Offrire il miglior servizio, il supporto e la cooperazione, assicurando soluzioni nei tempi pi\u00f9 brevi possibili. &hellip; Continued","og_url":"https:\/\/strongeurope.com\/it\/chi-siamo\/","og_site_name":"Strong Europe","article_modified_time":"2023-11-17T14:36:47+00:00","twitter_card":"summary_large_image","twitter_misc":{"Tempo di lettura stimato":"3 minuti"},"schema":{"@context":"https:\/\/schema.org","@graph":[{"@type":"WebPage","@id":"https:\/\/strongeurope.com\/it\/chi-siamo\/","url":"https:\/\/strongeurope.com\/it\/chi-siamo\/","name":"Chi siamo - Strong Europe","isPartOf":{"@id":"https:\/\/strongeurope.com\/#website"},"datePublished":"2016-05-17T10:02:36+00:00","dateModified":"2023-11-17T14:36:47+00:00","breadcrumb":{"@id":"https:\/\/strongeurope.com\/it\/chi-siamo\/#breadcrumb"},"inLanguage":"it-IT","potentialAction":[{"@type":"ReadAction","target":["https:\/\/strongeurope.com\/it\/chi-siamo\/"]}]},{"@type":"BreadcrumbList","@id":"https:\/\/strongeurope.com\/it\/chi-siamo\/#breadcrumb","itemListElement":[{"@type":"ListItem","position":1,"name":"Home","item":"https:\/\/strongeurope.com\/it\/"},{"@type":"ListItem","position":2,"name":"Chi siamo"}]},{"@type":"WebSite","@id":"https:\/\/strongeurope.com\/#website","url":"https:\/\/strongeurope.com\/","name":"Strong Europe","description":"Make your business stronger!","publisher":{"@id":"https:\/\/strongeurope.com\/#organization"},"potentialAction":[{"@type":"SearchAction","target":{"@type":"EntryPoint","urlTemplate":"https:\/\/strongeurope.com\/?s={search_term_string}"},"query-input":"required name=search_term_string"}],"inLanguage":"it-IT"},{"@type":"Organization","@id":"https:\/\/strongeurope.com\/#organization","name":"Strong Europe","url":"https:\/\/strongeurope.com\/","logo":{"@type":"ImageObject","inLanguage":"it-IT","@id":"https:\/\/strongeurope.com\/#\/schema\/logo\/image\/","url":"http:\/\/strongeurope.com\/wp-content\/uploads\/2023\/02\/bg-homepage.jpg","contentUrl":"http:\/\/strongeurope.com\/wp-content\/uploads\/2023\/02\/bg-homepage.jpg","width":2280,"height":1724,"caption":"Strong Europe"},"image":{"@id":"https:\/\/strongeurope.com\/#\/schema\/logo\/image\/"}}]}},"_links":{"self":[{"href":"https:\/\/strongeurope.com\/it\/wp-json\/wp\/v2\/pages\/40"}],"collection":[{"href":"https:\/\/strongeurope.com\/it\/wp-json\/wp\/v2\/pages"}],"about":[{"href":"https:\/\/strongeurope.com\/it\/wp-json\/wp\/v2\/types\/page"}],"author":[{"embeddable":true,"href":"https:\/\/strongeurope.com\/it\/wp-json\/wp\/v2\/users\/1"}],"replies":[{"embeddable":true,"href":"https:\/\/strongeurope.com\/it\/wp-json\/wp\/v2\/comments?post=40"}],"version-history":[{"count":5,"href":"https:\/\/strongeurope.com\/it\/wp-json\/wp\/v2\/pages\/40\/revisions"}],"predecessor-version":[{"id":1884,"href":"https:\/\/strongeurope.com\/it\/wp-json\/wp\/v2\/pages\/40\/revisions\/1884"}],"wp:attachment":[{"href":"https:\/\/strongeurope.com\/it\/wp-json\/wp\/v2\/media?parent=40"}],"curies":[{"name":"wp","href":"https:\/\/api.w.org\/{rel}","templated":true}]}}