{"id":41,"date":"2016-05-17T12:02:36","date_gmt":"2016-05-17T10:02:36","guid":{"rendered":"http:\/\/strongeurope.com\/es\/about-us\/"},"modified":"2023-11-17T15:36:23","modified_gmt":"2023-11-17T14:36:23","slug":"about-us","status":"publish","type":"page","link":"https:\/\/strongeurope.com\/es\/about-us\/","title":{"rendered":"About us"},"content":{"rendered":"<p>En Strong Europe hemos cimentado nuestra filosof\u00eda de negocio en tres conceptos primordiales:<\/p>\n<p>1- Mantener el m\u00e1s alto nivel de calidad en todos y cada uno de nuestros productos. El resultado de ello, es que Strong es hoy en d\u00eda un indudable sin\u00f3nimo de calidad y fiabilidad.<\/p>\n<p>2- Ofrecer el mejor servicio, apoyo y la cooperaci\u00f3n, as\u00ed como garantizar en todos los casos los plazos de respuesta m\u00e1s breves posible.<\/p>\n<p>3- Ir m\u00e1s all\u00e1 de la b\u00e1sica relaci\u00f3n comercial entre cliente y proveedor mediante el desarrollo de estrategias con nuestros clientes y proporcionar- les un servicio completo: producciones especiales, capacitaciones t\u00e9cnicas y comerciales, apoyo comercial y visitas conjuntas a los clientes, etc.<\/p>\n<p>Strong Europe es el resultado de la cooperaci\u00f3n de 2 grandes compa\u00f1\u00edas:<br \/>\nShanghai Strong State Printing Equipment y ABEZETA.<br \/>\nPrincipalmente, la idea en la cual se basa esta compa\u00f1\u00eda es un principio tan primitivo como efectivo; TOGETHER\u2026<strong>STRONG<\/strong>ER!!! (Juntos\u2026 m\u00e1s Fuertes!!!)<\/p>\n<p><strong>Strong<\/strong>\u00a0se cre\u00f3 en 2004 como Shanghai Strong State Printing Equipment y en la actualidad es la compa\u00f1\u00eda que m\u00e1s r\u00e1pido est\u00e1 creciendo del sector y la que produce y suministra las planchas m\u00e1s profesionales en China.<br \/>\nActualmente Strong lidera las ventas de planchas CTcP y CTP en China y, en 2015, Strong lider\u00f3 la venta de planchas CTcP y CTP en Europa entre todos los fabricantes chinos. Cuando alguna empresa alcanza ese tipo de logros no es por casualidad, normalmente es porque en ambos casos, el producto y el servicio, est\u00e1n a la altura de la exigencia que demandan los impresores en Europa.<br \/>\nEn poco m\u00e1s de 10 a\u00f1os, Strong se ha convertido en el quinto fabricante mundial en t\u00e9rminos de volumen y, actual- mente con sus 7 l\u00edneas de producci\u00f3n, tiene una capacidad para fabricar 100.000.000 de m2\/a\u00f1o.<\/p>\n<p><strong>Abezeta<\/strong>, tras m\u00e1s de 40 a\u00f1os de experiencia en el mercado internacional, es una referencia mundial en la fabricaci\u00f3n, suministro y comercializaci\u00f3n de productos dirigidos al sector de la Artes Gr\u00e1ficas.<br \/>\nNuestra constante evoluci\u00f3n tecnol\u00f3gica, el continuo desarrollo de nuevos productos, la alta cualificaci\u00f3n y eficiencia de nuestro equipo humano, unidos a los m\u00e1s modernos sistemas de fabricaci\u00f3n, la optimizaci\u00f3n y eficacia en la produc- ci\u00f3n y los exhaustivos controles de calidad han permitido a Abezeta posicionar sus productos en m\u00e1s de 80 pa\u00edses.<\/p>\n<p>Las dos compa\u00f1\u00edas de manera individual, y ahora unidas, han trabajado siempre con un \u00fanico objetivo: LA CALIDAD. Nos hemos focalizado y hemos invertido una significativa cantidad de tiempo y recursos para obtener una calidad excelente y estable en todos nuestros productos. Despu\u00e9s de a\u00f1os de constante trabajo, hemos logrado que nuestra marca sea un sin\u00f3nimo de una calidad excelente y consistente.<br \/>\nStrong Europe tiene como prop\u00f3sito ofrecerles todav\u00eda un mejor servicio y poner a su disposici\u00f3n un mayor y mejor equipo para que usted est\u00e9 totalmente satisfecho.<br \/>\nDurante los \u00faltimos a\u00f1os, hemos invertido significativamente en mejorar nuestras posibilidades log\u00edsticas, I+D y nuestro soporte t\u00e9cnico intentando lograr su COMPLETA SATISFACCI\u00d3N.<\/p>\n<p>El compromiso de Strong Europe es el de continuar haciendo todo lo posible para mantenerle satisfecho y alcanzar nuestro objetivo de convertirnos en uno de los l\u00edderes en el mercado europeo.<br \/>\nNuestro deber y nuestro principal objetivo es su satisfacci\u00f3n. Hemos trabajado, trabajamos y vamos a seguir trabajando muy duro para alcanzar ese logro. Todos los d\u00edas se nos da la oportunidad de demostrarlo, y cada d\u00eda nos esforzare- mos para confirmarle con nuestro servicio y con nuestra calidad, que usted ha tomado la decisi\u00f3n correcta.<\/p>\n<p>STRONG EUROPE: Together\u2026<strong>Stronger<\/strong>!!!<\/p>\n<hr \/>\n<p>Strong Europe se encuentra en el proceso de certificaci\u00f3n UNE-EN-ISO 9001: 2015, consulte nuestra <a href=\"http:\/\/strongeurope.com\/wp-content\/uploads\/2023\/11\/01_Strong_EU_Politica-de-Calidad_ES.pdf\" target=\"_blank\" rel=\"noopener\">Pol\u00edtica de Calidad.<\/a><\/p>\n","protected":false},"excerpt":{"rendered":"<p>En Strong Europe hemos cimentado nuestra filosof\u00eda de negocio en tres conceptos primordiales: 1- Mantener el m\u00e1s alto nivel de calidad en todos y cada uno de nuestros productos. El resultado de ello, es que Strong es hoy en d\u00eda un indudable sin\u00f3nimo de calidad y fiabilidad. 2- Ofrecer el mejor servicio, apoyo y la &hellip; <a href=\"https:\/\/strongeurope.com\/es\/about-us\/\">Continued<\/a><\/p>\n","protected":false},"author":1,"featured_media":0,"parent":0,"menu_order":0,"comment_status":"closed","ping_status":"closed","template":"page-about-us.php","meta":[],"yoast_head":"<!-- This site is optimized with the Yoast SEO plugin v20.1 - https:\/\/yoast.com\/wordpress\/plugins\/seo\/ -->\n<title>About us - Strong Europe<\/title>\n<meta name=\"robots\" content=\"index, follow, max-snippet:-1, max-image-preview:large, max-video-preview:-1\" \/>\n<link rel=\"canonical\" href=\"https:\/\/strongeurope.com\/es\/about-us\/\" \/>\n<meta property=\"og:locale\" content=\"es_ES\" \/>\n<meta property=\"og:type\" content=\"article\" \/>\n<meta property=\"og:title\" content=\"About us - Strong Europe\" \/>\n<meta property=\"og:description\" content=\"En Strong Europe hemos cimentado nuestra filosof\u00eda de negocio en tres conceptos primordiales: 1- Mantener el m\u00e1s alto nivel de calidad en todos y cada uno de nuestros productos. El resultado de ello, es que Strong es hoy en d\u00eda un indudable sin\u00f3nimo de calidad y fiabilidad. 2- Ofrecer el mejor servicio, apoyo y la &hellip; Continued\" \/>\n<meta property=\"og:url\" content=\"https:\/\/strongeurope.com\/es\/about-us\/\" \/>\n<meta property=\"og:site_name\" content=\"Strong Europe\" \/>\n<meta property=\"article:modified_time\" content=\"2023-11-17T14:36:23+00:00\" \/>\n<meta name=\"twitter:card\" content=\"summary_large_image\" \/>\n<meta name=\"twitter:label1\" content=\"Tiempo de lectura\" \/>\n\t<meta name=\"twitter:data1\" content=\"4 minutos\" \/>\n<script type=\"application\/ld+json\" class=\"yoast-schema-graph\">{\"@context\":\"https:\/\/schema.org\",\"@graph\":[{\"@type\":\"WebPage\",\"@id\":\"https:\/\/strongeurope.com\/es\/about-us\/\",\"url\":\"https:\/\/strongeurope.com\/es\/about-us\/\",\"name\":\"About us - Strong Europe\",\"isPartOf\":{\"@id\":\"https:\/\/strongeurope.com\/#website\"},\"datePublished\":\"2016-05-17T10:02:36+00:00\",\"dateModified\":\"2023-11-17T14:36:23+00:00\",\"breadcrumb\":{\"@id\":\"https:\/\/strongeurope.com\/es\/about-us\/#breadcrumb\"},\"inLanguage\":\"es\",\"potentialAction\":[{\"@type\":\"ReadAction\",\"target\":[\"https:\/\/strongeurope.com\/es\/about-us\/\"]}]},{\"@type\":\"BreadcrumbList\",\"@id\":\"https:\/\/strongeurope.com\/es\/about-us\/#breadcrumb\",\"itemListElement\":[{\"@type\":\"ListItem\",\"position\":1,\"name\":\"Home\",\"item\":\"https:\/\/strongeurope.com\/es\/\"},{\"@type\":\"ListItem\",\"position\":2,\"name\":\"About us\"}]},{\"@type\":\"WebSite\",\"@id\":\"https:\/\/strongeurope.com\/#website\",\"url\":\"https:\/\/strongeurope.com\/\",\"name\":\"Strong Europe\",\"description\":\"Make your business stronger!\",\"publisher\":{\"@id\":\"https:\/\/strongeurope.com\/#organization\"},\"potentialAction\":[{\"@type\":\"SearchAction\",\"target\":{\"@type\":\"EntryPoint\",\"urlTemplate\":\"https:\/\/strongeurope.com\/?s={search_term_string}\"},\"query-input\":\"required name=search_term_string\"}],\"inLanguage\":\"es\"},{\"@type\":\"Organization\",\"@id\":\"https:\/\/strongeurope.com\/#organization\",\"name\":\"Strong Europe\",\"url\":\"https:\/\/strongeurope.com\/\",\"logo\":{\"@type\":\"ImageObject\",\"inLanguage\":\"es\",\"@id\":\"https:\/\/strongeurope.com\/#\/schema\/logo\/image\/\",\"url\":\"http:\/\/strongeurope.com\/wp-content\/uploads\/2023\/02\/bg-homepage.jpg\",\"contentUrl\":\"http:\/\/strongeurope.com\/wp-content\/uploads\/2023\/02\/bg-homepage.jpg\",\"width\":2280,\"height\":1724,\"caption\":\"Strong Europe\"},\"image\":{\"@id\":\"https:\/\/strongeurope.com\/#\/schema\/logo\/image\/\"}}]}<\/script>\n<!-- \/ Yoast SEO plugin. -->","yoast_head_json":{"title":"About us - Strong Europe","robots":{"index":"index","follow":"follow","max-snippet":"max-snippet:-1","max-image-preview":"max-image-preview:large","max-video-preview":"max-video-preview:-1"},"canonical":"https:\/\/strongeurope.com\/es\/about-us\/","og_locale":"es_ES","og_type":"article","og_title":"About us - Strong Europe","og_description":"En Strong Europe hemos cimentado nuestra filosof\u00eda de negocio en tres conceptos primordiales: 1- Mantener el m\u00e1s alto nivel de calidad en todos y cada uno de nuestros productos. El resultado de ello, es que Strong es hoy en d\u00eda un indudable sin\u00f3nimo de calidad y fiabilidad. 2- Ofrecer el mejor servicio, apoyo y la &hellip; Continued","og_url":"https:\/\/strongeurope.com\/es\/about-us\/","og_site_name":"Strong Europe","article_modified_time":"2023-11-17T14:36:23+00:00","twitter_card":"summary_large_image","twitter_misc":{"Tiempo de lectura":"4 minutos"},"schema":{"@context":"https:\/\/schema.org","@graph":[{"@type":"WebPage","@id":"https:\/\/strongeurope.com\/es\/about-us\/","url":"https:\/\/strongeurope.com\/es\/about-us\/","name":"About us - Strong Europe","isPartOf":{"@id":"https:\/\/strongeurope.com\/#website"},"datePublished":"2016-05-17T10:02:36+00:00","dateModified":"2023-11-17T14:36:23+00:00","breadcrumb":{"@id":"https:\/\/strongeurope.com\/es\/about-us\/#breadcrumb"},"inLanguage":"es","potentialAction":[{"@type":"ReadAction","target":["https:\/\/strongeurope.com\/es\/about-us\/"]}]},{"@type":"BreadcrumbList","@id":"https:\/\/strongeurope.com\/es\/about-us\/#breadcrumb","itemListElement":[{"@type":"ListItem","position":1,"name":"Home","item":"https:\/\/strongeurope.com\/es\/"},{"@type":"ListItem","position":2,"name":"About us"}]},{"@type":"WebSite","@id":"https:\/\/strongeurope.com\/#website","url":"https:\/\/strongeurope.com\/","name":"Strong Europe","description":"Make your business stronger!","publisher":{"@id":"https:\/\/strongeurope.com\/#organization"},"potentialAction":[{"@type":"SearchAction","target":{"@type":"EntryPoint","urlTemplate":"https:\/\/strongeurope.com\/?s={search_term_string}"},"query-input":"required name=search_term_string"}],"inLanguage":"es"},{"@type":"Organization","@id":"https:\/\/strongeurope.com\/#organization","name":"Strong Europe","url":"https:\/\/strongeurope.com\/","logo":{"@type":"ImageObject","inLanguage":"es","@id":"https:\/\/strongeurope.com\/#\/schema\/logo\/image\/","url":"http:\/\/strongeurope.com\/wp-content\/uploads\/2023\/02\/bg-homepage.jpg","contentUrl":"http:\/\/strongeurope.com\/wp-content\/uploads\/2023\/02\/bg-homepage.jpg","width":2280,"height":1724,"caption":"Strong Europe"},"image":{"@id":"https:\/\/strongeurope.com\/#\/schema\/logo\/image\/"}}]}},"_links":{"self":[{"href":"https:\/\/strongeurope.com\/es\/wp-json\/wp\/v2\/pages\/41"}],"collection":[{"href":"https:\/\/strongeurope.com\/es\/wp-json\/wp\/v2\/pages"}],"about":[{"href":"https:\/\/strongeurope.com\/es\/wp-json\/wp\/v2\/types\/page"}],"author":[{"embeddable":true,"href":"https:\/\/strongeurope.com\/es\/wp-json\/wp\/v2\/users\/1"}],"replies":[{"embeddable":true,"href":"https:\/\/strongeurope.com\/es\/wp-json\/wp\/v2\/comments?post=41"}],"version-history":[{"count":5,"href":"https:\/\/strongeurope.com\/es\/wp-json\/wp\/v2\/pages\/41\/revisions"}],"predecessor-version":[{"id":1883,"href":"https:\/\/strongeurope.com\/es\/wp-json\/wp\/v2\/pages\/41\/revisions\/1883"}],"wp:attachment":[{"href":"https:\/\/strongeurope.com\/es\/wp-json\/wp\/v2\/media?parent=41"}],"curies":[{"name":"wp","href":"https:\/\/api.w.org\/{rel}","templated":true}]}}